{"id":4,"date":"2021-04-22T16:37:42","date_gmt":"2021-04-22T14:37:42","guid":{"rendered":"https:\/\/beta.ersteprvaliga.hr\/rukometna-liga\/?page_id=4"},"modified":"2021-04-26T09:48:48","modified_gmt":"2021-04-26T07:48:48","slug":"pocetna","status":"publish","type":"page","link":"https:\/\/beta.ersteprvaliga.hr\/rukometna-liga\/","title":{"rendered":"Po\u010detna"},"content":{"rendered":"<section class=\"c-competition\" id=\"gradovi\">\n\t<div class=\"c-container\">\n\n\t\t\t\t<div class=\"c-competition__container\">\n\n\t\t\t\t\t\t<div class=\"c-competition__container__left\">\n\n\t\t\t\t\t\t\t\t<svg width=\"179\" height=\"1386\" viewBox=\"0 0 179 1386\" fill=\"none\" xmlns=\"http:\/\/www.w3.org\/2000\/svg\">\n<path d=\"M122 1386H95V27H0.5V0H121.995C121.995 428.333 121.997 957.667 122 1386ZM85 35V678.463V1386H58V678.359V62.5H0.5V35H85Z\" fill=\"#82AFDE\" fill-opacity=\"0.16\"\/>\n<\/svg>\n\n\n\t\t\t\t\t\t\t\t<div class=\"c-competition__container__left__about\">\n\t\t\t\t\t<h2 class=\"c-competition__container__left__about__heading\">Raspored turnira<\/h2>\n\t\t\t\t\t<p class=\"c-competition__container__left__about__description\">\n\t\t\t\t\t\tNatjecanje se odr\u017eava za djevoj\u010dice i dje\u010dake od 2010. do 2013. godi\u0161ta u osam hrvatskih\n\t\t\t\t\t\tgradova. Pridru\u017ei se ekipi koja nastupa u tvom gradu!\n\t\t\t\t\t<\/p>\n\t\t\t\t<\/div>\n\n\t\t\t\t\t\t\t\t<div class=\"c-competition__container__left__cities\">\n\t\t\t\t\t\t\t\t\t\t\t\t\t\t\t\t\t\t<a class=\"c-competition__container__city\">\n\n\t\t<h3 class=\"c-competition__container__city__title\">\n\t\tZadar\n\t<\/h3>\n\n\t\t<p class=\"c-competition__container__city__label\">\n\t\tDatum natjecanja\n\t<\/p>\n\n\t\t<p class=\"c-competition__container__city__date\">\n\t\t8.5.2021.\n\t<\/p>\n\n\t\t<p class=\"c-competition__container__city__label c-competition__container__city__label--margin\">\n\t\tLokacija\n\t<\/p>\n\n\t\t<p class=\"c-competition__container__city__date\">\n\t\tSC Vi\u0161njik\n\t<\/p>\n<\/a>\n\t\t\t\t\t\t\t\t\t\t\t\t\t\t\t\t\t\t\t\t\t\t\t\t<a class=\"c-competition__container__city\">\n\n\t\t<h3 class=\"c-competition__container__city__title\">\n\t\tSplit\n\t<\/h3>\n\n\t\t<p class=\"c-competition__container__city__label\">\n\t\tDatum natjecanja\n\t<\/p>\n\n\t\t<p class=\"c-competition__container__city__date\">\n\t\t22.5.2021.\n\t<\/p>\n\n\t\t<p class=\"c-competition__container__city__label c-competition__container__city__label--margin\">\n\t\tLokacija\n\t<\/p>\n\n\t\t<p class=\"c-competition__container__city__date\">\n\t\tSC Gripe\n\t<\/p>\n<\/a>\n\t\t\t\t\t\t\t\t\t\t\t\t\t\t\t\t\t\t\t\t\t\t\t\t<a class=\"c-competition__container__city\">\n\n\t\t<h3 class=\"c-competition__container__city__title\">\n\t\t\u0160ibenik\n\t<\/h3>\n\n\t\t<p class=\"c-competition__container__city__label\">\n\t\tDatum natjecanja\n\t<\/p>\n\n\t\t<p class=\"c-competition__container__city__date\">\n\t\t29.5.2021.\n\t<\/p>\n\n\t\t<p class=\"c-competition__container__city__label c-competition__container__city__label--margin\">\n\t\tLokacija\n\t<\/p>\n\n\t\t<p class=\"c-competition__container__city__date\">\n\t\tSC Meterize\n\t<\/p>\n<\/a>\n\t\t\t\t\t\t\t\t\t\t\t\t\t\t\t\t\t\t\t\t\t\t\t\t<a class=\"c-competition__container__city\">\n\n\t\t<h3 class=\"c-competition__container__city__title\">\n\t\tDubrovnik\n\t<\/h3>\n\n\t\t<p class=\"c-competition__container__city__label\">\n\t\tDatum natjecanja\n\t<\/p>\n\n\t\t<p class=\"c-competition__container__city__date\">\n\t\t5.6.2021.\n\t<\/p>\n\n\t\t<p class=\"c-competition__container__city__label c-competition__container__city__label--margin\">\n\t\tLokacija\n\t<\/p>\n\n\t\t<p class=\"c-competition__container__city__date\">\n\t\tSC Gospino Polje\n\t<\/p>\n<\/a>\n\t\t\t\t\t\t\t\t\t\t\t\t\t\t\t\t\t\t\t\t\t\t\t\t<a class=\"c-competition__container__city\">\n\n\t\t<h3 class=\"c-competition__container__city__title\">\n\t\tUmag\n\t<\/h3>\n\n\t\t<p class=\"c-competition__container__city__label\">\n\t\tDatum natjecanja\n\t<\/p>\n\n\t\t<p class=\"c-competition__container__city__date\">\n\t\t13.6.2021.\n\t<\/p>\n\n\t\t<p class=\"c-competition__container__city__label c-competition__container__city__label--margin\">\n\t\tLokacija\n\t<\/p>\n\n\t\t<p class=\"c-competition__container__city__date\">\n\t\tSC Stella Maris\n\t<\/p>\n<\/a>\n\t\t\t\t\t\t\t\t\t\t\t\t\t\t\t\t\t\t\t\t\t\t\t\t\t\t\t\t\t\t\t\t\t\t\t\t\t\t\t\t\t\t\t\t\t\t\t\t\t\t\t\t\t\t\t\t\t\t\t<\/div>\n\n\t\t\t<\/div>\n\n\t\t\t\t\t\t<div class=\"c-competition__container__right\">\n\n\t\t\t\t\t\t\t\t<svg width=\"179\" height=\"989\" viewBox=\"0 0 179 989\" fill=\"none\" xmlns=\"http:\/\/www.w3.org\/2000\/svg\">\n<g clip-path=\"url(#clip0)\">\n<path d=\"M58 0H85V962H179.5V989H58.005C58.0051 560.667 58.0028 428.333 58 0ZM95 954V310.537V0H122V310.641V926.5H179.5V954H95Z\" fill=\"#82AFDE\" fill-opacity=\"0.16\"\/>\n<\/g>\n<defs>\n<clipPath id=\"clip0\">\n<rect width=\"179\" height=\"989\" fill=\"white\" transform=\"translate(179 989) rotate(-180)\"\/>\n<\/clipPath>\n<\/defs>\n<\/svg>\n\n\n\t\t\t\t\t\t\t\t<div class=\"c-competition__container__right__cities\">\n\t\t\t\t\t\t\t\t\t\t\t\t\t\t\t\t\t\t\t\t\t\t\t\t\t\t\t\t\t\t\t\t\t\t\t\t\t\t\t\t\t\t\t\t\t\t\t\t\t\t\t\t\t\t\t\t\t\t\t\t\t\t\t\t\t\t\t\t\t\t\t\t\t<a class=\"c-competition__container__city\">\n\n\t\t<h3 class=\"c-competition__container__city__title\">\n\t\tPore\u010d\n\t<\/h3>\n\n\t\t<p class=\"c-competition__container__city__label\">\n\t\tDatum natjecanja\n\t<\/p>\n\n\t\t<p class=\"c-competition__container__city__date\">\n\t\t18.9.2021.\n\t<\/p>\n\n\t\t<p class=\"c-competition__container__city__label c-competition__container__city__label--margin\">\n\t\tLokacija\n\t<\/p>\n\n\t\t<p class=\"c-competition__container__city__date\">\n\t\tSC Veli Jo\u017ee\n\t<\/p>\n<\/a>\n\t\t\t\t\t\t\t\t\t\t\t\t\t\t\t\t\t\t\t\t\t\t\t\t<a class=\"c-competition__container__city\">\n\n\t\t<h3 class=\"c-competition__container__city__title\">\n\t\tPula\n\t<\/h3>\n\n\t\t<p class=\"c-competition__container__city__label\">\n\t\tDatum natjecanja\n\t<\/p>\n\n\t\t<p class=\"c-competition__container__city__date\">\n\t\t26.9.2021.\n\t<\/p>\n\n\t\t<p class=\"c-competition__container__city__label c-competition__container__city__label--margin\">\n\t\tLokacija\n\t<\/p>\n\n\t\t<p class=\"c-competition__container__city__date\">\n\t\tSC Veli Vrh\n\t<\/p>\n<\/a>\n\t\t\t\t\t\t\t\t\t\t\t\t\t\t\t\t\t\t\t\t\t\t\t\t<a class=\"c-competition__container__city\">\n\n\t\t<h3 class=\"c-competition__container__city__title\">\n\t\tLabin\n\t<\/h3>\n\n\t\t<p class=\"c-competition__container__city__label\">\n\t\tDatum natjecanja\n\t<\/p>\n\n\t\t<p class=\"c-competition__container__city__date\">\n\t\t9.10.2021.\n\t<\/p>\n\n\t\t<p class=\"c-competition__container__city__label c-competition__container__city__label--margin\">\n\t\tLokacija\n\t<\/p>\n\n\t\t<p class=\"c-competition__container__city__date\">\n\t\tSC Franko Mileta\n\t<\/p>\n<\/a>\n\t\t\t\t\t\t\t\t\t\t\t\t\t\t\t\t\t\t\t\t\t\t\t\t<a class=\"c-competition__container__city\">\n\n\t\t<h3 class=\"c-competition__container__city__title\">\n\t\tFinale Split\n\t<\/h3>\n\n\t\t<p class=\"c-competition__container__city__label\">\n\t\tDatum natjecanja\n\t<\/p>\n\n\t\t<p class=\"c-competition__container__city__date\">\n\t\t16.10.2021.\n\t<\/p>\n\n\t\t<p class=\"c-competition__container__city__label c-competition__container__city__label--margin\">\n\t\tLokacija\n\t<\/p>\n\n\t\t<p class=\"c-competition__container__city__date\">\n\t\tSC Gripe\n\t<\/p>\n<\/a>\n\t\t\t\t\t\t\t\t\t\t\t\t\t\t\t<\/div>\n\t\t\t<\/div>\n\n\t\t<\/div>\n\n\t<\/div>\n<\/section>\n\n\n<section class=\"c-image-slider\" id=\"slider-slike\">\n\t<div class=\"c-container\">\n\n\t\t\t\t<div class=\"c-image-slider__container\">\n\n\t\t\t\t\t\t<div class=\"c-image-slider__container__about\">\n\n\t\t\t\t\t\t\t\t<p class=\"c-image-slider__container__about__subtitle\">\n\t\t\t\t\tOtkrij\n\t\t\t\t<\/p>\n\n\t\t\t\t\t\t\t\t<h2 class=\"c-image-slider__container__about__title\">\n\t\t\t\t\tJedinstveno rukometno natjecanje\n\t\t\t\t<\/h2>\n\n\t\t\t\t\t\t\t\t<p class=\"c-image-slider__container__about__description\">\n\t\t\t\t\tErste rukometna liga i ove godine pod organizacijom\n\t\t\t\t\t<span>RK Bali\u0107&#038;Metli\u010di\u0107<\/span>\n\t\t\t\t\todr\u017eava se u devet hrvatskih gradova. Daj pet za rukomet!\n\t\t\t\t<\/p>\n\n\t\t\t\t\t\t\t\t<a href=\"https:\/\/www.erstebank.hr\/hr\/erste-novine\/petar-metlicic-erste-rukometna-liga-je-ulaganje-u-avanturu-od-lokalne-zajednice-do-svjetske-sportske-scene\"\n\t\t\t\t   class=\"c-image-slider__container__about__button c-button c-button--erste\"\n\t\t\t\t\ttarget=\"_blank\">\n\t\t\t\t\tSaznaj vi\u0161e\n\t\t\t\t\t<svg width=\"18\" height=\"12\" viewBox=\"0 0 18 12\" fill=\"none\" xmlns=\"http:\/\/www.w3.org\/2000\/svg\">\n<path d=\"M1 6H17M17 6L12.5 10.5M17 6L12.5 1.5\" stroke=\"white\" stroke-width=\"2\" stroke-linecap=\"round\" stroke-linejoin=\"round\"\/>\n<\/svg>\n\n\t\t\t\t<\/a>\n\n\t\t\t<\/div>\n\n\t\t\t\t\t\t<div class=\"c-image-slider__container__images\">\n\n\t\t\t\t\t\t\t\t<div class=\"c-image-slider__container__images__slick\">\n\t\t\t\t\t\n\t\t\t\t\t\t\t\t\t\t\t\t<div class=\"c-image-slider__container__images__slick__image\"\n\t\t\t\t\t\t\t style=\"background-image: url(https:\/\/beta.ersteprvaliga.hr\/rukometna-liga\/wp-content\/uploads\/sites\/3\/2021\/04\/image-promo-1-video1.jpg)\"\n\t\t\t\t\t\t\t data-id=\"\">\n\n\t\t\t\t\t\t\t\t\t\t\t\t\t\t\t\t\t\t\t\t\t\t<a target=\"_blank\"\n\t\t\t\t\t\t\t\t   href=\"https:\/\/www.facebook.com\/Erstebanka\/videos\/428054017976601\/?t=0\"><\/a>\n\t\t\t\t\t\t\t\t\t\t\t\t\t<\/div>\n\n\t\t\t\t\t\n\t\t\t\t\t\t\t\t\t\t\t\t<div class=\"c-image-slider__container__images__slick__image\"\n\t\t\t\t\t\t\t style=\"background-image: url(https:\/\/beta.ersteprvaliga.hr\/rukometna-liga\/wp-content\/uploads\/sites\/3\/2021\/04\/image-promo-21.jpg)\"\n\t\t\t\t\t\t\t data-id=\"\">\n\n\t\t\t\t\t\t\t\t\t\t\t\t\t\t\t\t\t\t\t\t<\/div>\n\n\t\t\t\t\t\n\t\t\t\t\t\t\t\t\t\t\t\t<div class=\"c-image-slider__container__images__slick__image\"\n\t\t\t\t\t\t\t style=\"background-image: url(https:\/\/beta.ersteprvaliga.hr\/rukometna-liga\/wp-content\/uploads\/sites\/3\/2021\/04\/image-promo-31.jpg)\"\n\t\t\t\t\t\t\t data-id=\"\">\n\n\t\t\t\t\t\t\t\t\t\t\t\t\t\t\t\t\t\t\t\t<\/div>\n\n\t\t\t\t\t\n\t\t\t\t\t\t\t\t\t\t\t\t<div class=\"c-image-slider__container__images__slick__image\"\n\t\t\t\t\t\t\t style=\"background-image: url(https:\/\/beta.ersteprvaliga.hr\/rukometna-liga\/wp-content\/uploads\/sites\/3\/2021\/04\/image-promo-41.jpg)\"\n\t\t\t\t\t\t\t data-id=\"\">\n\n\t\t\t\t\t\t\t\t\t\t\t\t\t\t\t\t\t\t\t\t<\/div>\n\n\t\t\t\t\t\t\t\t\t<\/div>\n\n\t\t\t\t\t\t\t\t<div class=\"c-image-slider__container__images__nav\"><\/div>\n\n\t\t\t\t\t\t\t\t<div class=\"c-image-slider__container__images__decoration\">\n\t\t\t\t\t<div><\/div>\n\t\t\t\t\t<div><\/div>\n\t\t\t\t<\/div>\n\n\t\t\t<\/div>\n\n\t\t<\/div>\n\n\t<\/div>\n<\/section>\n\n\n<section class=\"c-quotes-container\">\n\n\t\t<img class=\"c-quotes-container__logo\"\n\t\t src=\"https:\/\/beta.ersteprvaliga.hr\/rukometna-liga\/wp-content\/themes\/ersterukometnaliga-theme\/assets\/images\/image-daj-pet.png\"\n\t\t alt=\"Daj pet za rukomet!\">\n\n\t\t<div class=\"c-quotes-container__container\">\n\n\t\t\t\t<div class=\"c-quotes-container__container__decoration\">\n\t\t\t<div><\/div>\n\t\t\t<div><\/div>\n\t\t<\/div>\n\n\t\t<div class=\"c-quotes-container__container__wrapper\">\n\t\t\t\t\t\t<div class=\"c-quotes-container__container__quotes\">\n\t\t\t\t\n<div class=\"c-quote-item\">\n\n\t\t<p class=\"c-quote-item__author\">Petar Metli\u010di\u0107<\/p>\n\n\t\t<p class=\"c-quote-item__quote\">Savjetujem svim roditeljima neka im se djeca bave bilo kojim sportom, jer je to prvi preduvjet za zdravu osobu, koja se socijalnim vje\u0161tinama mo\u017ee u\u010diti, osim u \u0161koli, i u sportskom kolektivu\u2026 to je neprocjenjivo.&quot;<\/p>\n\n<\/div>\n\n\n<div class=\"c-quote-item\">\n\n\t\t<p class=\"c-quote-item__author\">Petar Metli\u010di\u0107<\/p>\n\n\t\t<p class=\"c-quote-item__quote\">Erste rukometna liga je ulaganje u avanturu od lokalne zajednice do svjetske sportske scene<\/p>\n\n<\/div>\n\n\n<div class=\"c-quote-item\">\n\n\t\t<p class=\"c-quote-item__author\">Petar Metli\u010di\u0107<\/p>\n\n\t\t<p class=\"c-quote-item__quote\">Erste rukometna liga Dalmacije jedinstven je projekt u ekipnom sportu. Va\u017ean je za stvaranje baze u lokalnim zajednicama te donosi brojne pogodnosti, roditeljima, djeci, klubovima.<\/p>\n\n<\/div>\n\n\n\t\t\t<\/div>\n\n\t\t\t\t\t\t<div class=\"c-quotes-container__container__nav\"><\/div>\n\t\t<\/div>\n\n\t<\/div>\n\n\t\t<div class=\"c-quotes-container__decor\">\n\t\t<div><\/div>\n\t\t<div><\/div>\n\t<\/div>\n\n<\/section>\n","protected":false},"excerpt":{"rendered":"","protected":false},"author":1,"featured_media":0,"parent":0,"menu_order":0,"comment_status":"closed","ping_status":"closed","template":"","meta":[],"_links":{"self":[{"href":"https:\/\/beta.ersteprvaliga.hr\/rukometna-liga\/wp-json\/wp\/v2\/pages\/4"}],"collection":[{"href":"https:\/\/beta.ersteprvaliga.hr\/rukometna-liga\/wp-json\/wp\/v2\/pages"}],"about":[{"href":"https:\/\/beta.ersteprvaliga.hr\/rukometna-liga\/wp-json\/wp\/v2\/types\/page"}],"author":[{"embeddable":true,"href":"https:\/\/beta.ersteprvaliga.hr\/rukometna-liga\/wp-json\/wp\/v2\/users\/1"}],"replies":[{"embeddable":true,"href":"https:\/\/beta.ersteprvaliga.hr\/rukometna-liga\/wp-json\/wp\/v2\/comments?post=4"}],"version-history":[{"count":6,"href":"https:\/\/beta.ersteprvaliga.hr\/rukometna-liga\/wp-json\/wp\/v2\/pages\/4\/revisions"}],"predecessor-version":[{"id":20,"href":"https:\/\/beta.ersteprvaliga.hr\/rukometna-liga\/wp-json\/wp\/v2\/pages\/4\/revisions\/20"}],"wp:attachment":[{"href":"https:\/\/beta.ersteprvaliga.hr\/rukometna-liga\/wp-json\/wp\/v2\/media?parent=4"}],"curies":[{"name":"wp","href":"https:\/\/api.w.org\/{rel}","templated":true}]}}