{"id":80,"date":"2021-04-13T10:07:48","date_gmt":"2021-04-13T08:07:48","guid":{"rendered":"https:\/\/beta.ersteprvaliga.hr\/plava-liga\/?page_id=80"},"modified":"2021-05-07T14:49:45","modified_gmt":"2021-05-07T12:49:45","slug":"propozicije-erste-plava-liga-brze-vise-jace","status":"publish","type":"page","link":"https:\/\/beta.ersteprvaliga.hr\/plava-liga\/propozicije-erste-plava-liga-brze-vise-jace\/","title":{"rendered":"Propozicije Erste Plava Liga \u201cBR\u017dE. VI\u0160E. JA\u010cE.\u201d"},"content":{"rendered":"\n<h2>Op\u0107e odredbe<\/h2>\n\n\n\n<h3>\u010clanak 1.<\/h3>\n\n\n\n<p>ERSTE PLAVA LIGA je dje\u010dja atletska liga za osnovne \u0161kole u Republici Hrvatskoj (u daljnjem<br>tekstu \u201cLiga\u201d) koja se odr\u017eava prema Propozicijama utvr\u0111enima za Ligu. Slogan lige je \u201cBR\u017dE. VI\u0160E.<br>JA\u010cE.\u201d Organizator lige je Atletski klub PRO SPORT,a suorganizatori Klubovi taksativno navedeni u<br>\u010dl.6<\/p>\n\n\n\n<h2>Pravo nastupa i discipline<\/h2>\n\n\n\n<h3>\u010clanak 2.<\/h3>\n\n\n\n<p>Pravo nastupa na natjecanju Lige imaju u\u010denici i u\u010denice osnovnih \u0161kola s teritorija RH. Kvalifikacijsko natjecanje je pojedina\u010dno i odr\u017eava se u sljede\u0107im kategorijama:<\/p>\n\n\n\n<ul><li>U\u010denice \u2013 III., IV., V. I VI. razred<\/li><li>U\u010denici \u2013 III., IV., V. i VI. razred<\/li><\/ul>\n\n\n\n<p>Dokazivanje godi\u0161ta vr\u0161i se na osnovi prijave u\u010denika od strane \u0161kole ili roditelja\/staratelja i potpisane od strane ovla\u0161tene osobe. <\/p>\n\n\n\n<p>Za zdravstveno stanje u\u010denika odgovorna je \u0161kola ili roditelji koji su izvr\u0161ili prijavu nastupa.<\/p>\n\n\n\n<h3>\u010clanak 3.<\/h3>\n\n\n\n<p>Natjecanje Lige u 2021. godini odr\u017eat \u0107e se u sljede\u0107im disciplinama:<\/p>\n\n\n\n<p class=\"e-table-title\">DISCIPLINE I KATEGORIJE, KVALIFIKACIJE \u2013 \u0160KOLSKA GODINA 2020.\/2021.<\/p>\n\n\n\n<figure class=\"wp-block-table is-style-stripes\"><table><thead><tr><th class=\"has-text-align-left\" data-align=\"left\">Uzrast<\/th><th class=\"has-text-align-left\" data-align=\"left\">U\u010denici<\/th><th class=\"has-text-align-left\" data-align=\"left\">U\u010denice<\/th><\/tr><\/thead><tbody><tr><td class=\"has-text-align-left\" data-align=\"left\">3. razred<\/td><td class=\"has-text-align-left\" data-align=\"left\">Vortex, 60 m, 300 m, Skok u dalj<\/td><td class=\"has-text-align-left\" data-align=\"left\">Vortex, 60 m, 300 m, Skok u dalj<\/td><\/tr><tr><td class=\"has-text-align-left\" data-align=\"left\">4. razred<\/td><td class=\"has-text-align-left\" data-align=\"left\">60 m, Vortex, 300 m, Skok u dalj<\/td><td class=\"has-text-align-left\" data-align=\"left\">60 m, Vortex, 300 m, Skok u dalj<\/td><\/tr><tr><td class=\"has-text-align-left\" data-align=\"left\">5. razred<\/td><td class=\"has-text-align-left\" data-align=\"left\">60 m, 600 m, Skok u dalj, Bacanje kugle 3kg<\/td><td class=\"has-text-align-left\" data-align=\"left\">60 m, 600 m, Skok u dalj, Bacanje kugle 2kg<\/td><\/tr><tr><td class=\"has-text-align-left\" data-align=\"left\">6. razred<\/td><td class=\"has-text-align-left\" data-align=\"left\">60 m, 600 m, Skok u dalj, Bacanje kugle 3kg<\/td><td class=\"has-text-align-left\" data-align=\"left\">60 m, 600 m, Skok u dalj,, Bacanje kugle 2kg<\/td><\/tr><\/tbody><\/table><\/figure>\n\n\n\n<p class=\"e-table-title\">DISCIPLINE I KATEGORIJE, VELIKO FINALE LIGE (ZAGREB 14.9.) \u2013 \u0160KOLSKA GODINA 2021.\/2022.<\/p>\n\n\n\n<figure class=\"wp-block-table is-style-stripes\"><table><thead><tr><th class=\"has-text-align-left\" data-align=\"left\"><strong>Uzrast<\/strong><\/th><th class=\"has-text-align-left\" data-align=\"left\"><strong>U\u010denici<\/strong><\/th><th class=\"has-text-align-left\" data-align=\"left\"><strong>U\u010denice<\/strong><\/th><\/tr><\/thead><tbody><tr><td class=\"has-text-align-left\" data-align=\"left\">4. razred<\/td><td class=\"has-text-align-left\" data-align=\"left\">Vortex, 60 m, 300 m, Skok u dalj<\/td><td class=\"has-text-align-left\" data-align=\"left\">Vortex, 60 m, 300 m, Skok u dalj<\/td><\/tr><tr><td class=\"has-text-align-left\" data-align=\"left\">5. razred<\/td><td class=\"has-text-align-left\" data-align=\"left\">60 m, 300 m, Skok u dalj, Vortex<\/td><td class=\"has-text-align-left\" data-align=\"left\">60 m, 300 m, Skok u dalj, Vortex<\/td><\/tr><tr><td class=\"has-text-align-left\" data-align=\"left\">6. razred<\/td><td class=\"has-text-align-left\" data-align=\"left\">60 m, 600 m, Skok u dalj, Bacanje kugle 3kg<\/td><td class=\"has-text-align-left\" data-align=\"left\">60 m, 600 m, Skok u dalj, Bacanje kugle 2kg<\/td><\/tr><tr><td class=\"has-text-align-left\" data-align=\"left\">7. razred<\/td><td class=\"has-text-align-left\" data-align=\"left\">60 m, 600 m, Skok u dalj, Bacanje kugle 3kg, \u0160tafeta 4&#215;100<\/td><td class=\"has-text-align-left\" data-align=\"left\">60 m, 600 m, Skok u dalj, Bacanje kugle 2kg, \u0160tafeta 4&#215;100<\/td><\/tr><\/tbody><\/table><\/figure>\n\n\n\n<h3>\u010clanak 4.<\/h3>\n\n\n\n<p>\u0160kola ili pojedinci mogu prijaviti neograni\u010den broj natjecatelja, a svaki natjecatelj ima pravo nastupiti<br>u samo dvije discipline. Preliminarna prijava, obavlja se ONLINE na slu\u017ebenim internet stranicama<br>Lige i to u roku koji utvrdi organizator kvalifikacija i finala. Prijave za natjecanje mogu se izvr\u0161iti i do<br>sat vremena prije po\u010detka discipline na licu mjesta.<br>Kona\u010dnu prijavu, natjecatelj dostavlja organizatoru kvalifikacija minimalno sat vremena prije po\u010detka<br>discipline, uz obaveznu suglasnost roditelja ili staratelja za nastup.<\/p>\n\n\n\n<h3>\u010clanak 5.<\/h3>\n\n\n\n<p>Natjecatelj mo\u017ee nastupati u samo jednim kvalifikacijama u odre\u0111enom gradu odnosno <strong>ne smije nastupiti u dva razli\u010dita grada gdje se odr\u017eavaju kvalifikacije. <\/strong><\/p>\n\n\n\n<p>U trka\u010dkim disciplinama (60m, 300m, 600m) natjecatelji startaju iz visokog polo\u017eaja. <\/p>\n\n\n\n<p>U svakoj disciplini je potrebno minimalno 3 natjecatelja da bi se natjecanje u toj dispciplini i odr\u017ealo. <\/p>\n\n\n\n<p>U disciplinama skok u dalj i bacanje kugle, natjecatelji imaju pravo u kvalifikacijama na dva \/2\/<br>poku\u0161aja. U finalu svi finalisti imaju pravo na dva \/2\/ poku\u0161aja, a osam \/8\/ najboljih jo\u0161 na dva \/2\/.<\/p>\n\n\n\n<p><strong>Klubovi organizatori mogu samostalno odlu\u010diti \u017eele li organizirati dva dodatna poku\u0161aja za osam najboljih u tehni\u010dkim disciplinama. <\/strong><\/p>\n\n\n\n<p><strong>Klubovi organizatori mogu samostalno odlu\u010diti \u017eele li organizirati dodatnu utrku (finale) za osam \/8\/ najboljih u utrci na 60m. <\/strong><\/p>\n\n\n\n<p>Svi natjecatelji u kvalifikacijama i finalu imaju pravo na jedan \/1\/ probni poku\u0161aj. <\/p>\n\n\n\n<p><strong>Natjecatelji 1.i 2.razreda mogu nastupati u kategoriji 3.razreda. <br>U kvalifikacijama i finalu zabranjen je nastup u sprintericama.<\/strong><\/p>\n\n\n\n<h2>Termini i mjesto natjecanja<\/h2>\n\n\n\n<h3>\u010clanak 6.<\/h3>\n\n\n\n<p>Liga se odr\u017eava u dva (2) kola, i to: KVALIFIKACIJE i FINALE. <\/p>\n\n\n\n<p>Kvalifikacijska natjecanja odr\u017eat \u0107e se:<\/p>\n\n\n\n<figure class=\"wp-block-table is-style-stripes\"><table><thead><tr><th class=\"has-text-align-left\" data-align=\"left\"><strong>Grad<\/strong><\/th><th class=\"has-text-align-left\" data-align=\"left\"><strong>Datum<\/strong><\/th><th class=\"has-text-align-left\" data-align=\"left\">Mjesto odr\u017eavanja<\/th><\/tr><\/thead><tbody><tr><td class=\"has-text-align-left\" data-align=\"left\">Vukovar<\/td><td class=\"has-text-align-left\" data-align=\"left\">29.05.2021.<\/td><td class=\"has-text-align-left\" data-align=\"left\">Vukovar Centar<\/td><\/tr><tr><td class=\"has-text-align-left\" data-align=\"left\">\u010cakovec<\/td><td class=\"has-text-align-left\" data-align=\"left\">31.05.2021.<\/td><td class=\"has-text-align-left\" data-align=\"left\">\u010cakovec SRC Mladost<\/td><\/tr><tr><td class=\"has-text-align-left\" data-align=\"left\">Rijeka<\/td><td class=\"has-text-align-left\" data-align=\"left\">01.06.2021.<\/td><td class=\"has-text-align-left\" data-align=\"left\">Stadion Kantrida<\/td><\/tr><tr><td class=\"has-text-align-left\" data-align=\"left\">Osijek<\/td><td class=\"has-text-align-left\" data-align=\"left\">02.06.2021.<\/td><td class=\"has-text-align-left\" data-align=\"left\">Stadion Gradski vrt<\/td><\/tr><tr><td class=\"has-text-align-left\" data-align=\"left\">Zadar<\/td><td class=\"has-text-align-left\" data-align=\"left\">10.06.2021.<\/td><td class=\"has-text-align-left\" data-align=\"left\">Atletski Stadion na Vi\u0161njiku<\/td><\/tr><tr><td class=\"has-text-align-left\" data-align=\"left\">Knin<\/td><td class=\"has-text-align-left\" data-align=\"left\">11.06.2021.<\/td><td class=\"has-text-align-left\" data-align=\"left\">Stadion NK &#8220;Dinara&#8221;<\/td><\/tr><tr><td class=\"has-text-align-left\" data-align=\"left\">Makarska<\/td><td class=\"has-text-align-left\" data-align=\"left\">12.06.2021.<\/td><td class=\"has-text-align-left\" data-align=\"left\">Gradski sportski centar<\/td><\/tr><tr><td class=\"has-text-align-left\" data-align=\"left\">Pula<\/td><td class=\"has-text-align-left\" data-align=\"left\">14.06.2021.<\/td><td class=\"has-text-align-left\" data-align=\"left\">SRC Veruda<\/td><\/tr><tr><td class=\"has-text-align-left\" data-align=\"left\">Zagreb<\/td><td class=\"has-text-align-left\" data-align=\"left\">15.06.2021.<\/td><td class=\"has-text-align-left\" data-align=\"left\">Atletski Stadion \u0160RC Mladost<\/td><\/tr><tr><td class=\"has-text-align-left\" data-align=\"left\">FINALE<\/td><td class=\"has-text-align-left\" data-align=\"left\">14.09.2021<\/td><td class=\"has-text-align-left\" data-align=\"left\">Atletski Stadion \u0160RC Mladost<\/td><\/tr><\/tbody><\/table><\/figure>\n\n\n\n<p>Natjecatelj se prijavljuje najbli\u017eem klubu suorganizatoru u regiji.<\/p>\n\n\n\n<p>Prijava natjecanja obavlja se u predvi\u0111enom roku i na na\u010din koji predvi\u0111aju ove Propozicije.<\/p>\n\n\n\n<p>Online prijave su preliminarne prijave, va\u017ee\u0107e su uz potpisanu suglasnost roditelja za nastup.<br>Bez obzira na na\u010din prijave , prijava je va\u017ee\u0107a uz suglasnost roditelja. Slu\u017ebene prijave dostavljaju se<br>klubovima suorganizatorima minimalno sat vremena prije po\u010detka natjecanja.<\/p>\n\n\n\n<p>Obrasci za suglasnost roditelja bit \u0107e dostavljeni \u0161kolama, klubovima ili \u0107e se dostaviti putem maila<br>kod online prijave.<\/p>\n\n\n\n<p>Finalno natjecanje odr\u017eat \u0107e se 14.09.2021. u Zagrebu, na stadionu \u0160RC Mladost, kao uvertira za 71.<br>Han\u017eekovi\u0107ev memorijal.<br>Finalno natjecanje je i ekipno natjecanje, a sastav ekipe \u010dine pobjednici i drugoplasirani iz svake regije<br>u svakoj disciplini. U finalu u svakoj disciplini nastupit \u0107e ukupno 16 natjecatelja.<\/p>\n\n\n\n<p>Klubovi suorganizatori odgovorni su za organizaciju i dolazak natjecatelja na finalno natjecanje u<br>Zagrebu 14.09.2021.<\/p>\n\n\n\n<h3>\u010clanak 7.<\/h3>\n\n\n\n<p>Suorganizator projekta u regiji je klub izabran temeljem odluke predsjedni\u0161tva AK PRO SPORT. Organizator \u0107e izabrat voditelja projekta, a klubovi suorganizatori izabrat \u0107e koordinatora po regijama. <\/p>\n\n\n\n<p>U provedbi i organizaciji natjecanja ne moraju nu\u017eno sudjelovati samo atletski suci ve\u0107 i svi ostali \u010dlanovi (prijatelji) klubova i osobe od povjerenja. <\/p>\n\n\n\n<h2>Nagrade<\/h2>\n\n\n\n<h3>\u010clanak 8.<\/h3>\n\n\n\n<p>Svi natjecatelji za sudjelovanje na natjecanju dobit \u0107e majicu i startni broj pri ulasku na stadion, a prva<br>tri natjecatelja u svakoj disciplini, dobit \u0107e medalju (zlatnu, srebrnu i bron\u010danu) .<\/p>\n\n\n\n<p>Ukoliko se u kvalifikacijskom natjecanju dogodi da se u odre\u0111enoj disciplini drugo mjesto dijeli izme\u0111u<br>dva ili vi\u0161e natjecatelja, organizira se dodatna utrka\/skok\/bacanje samo drugoplasiranih natjecatelja<br>kako bi se dobio drugi finalist koji \u0107e nastupati u Finalu u Zagrebu. Rezultat postignut u dodatnoj<br>utrci\/skoku\/bacanju nije slu\u017eben te slu\u017ei samo za dobivanje drugog finalista.<\/p>\n\n\n\n<p>Svi sudionici finala dobit \u0107e majicu i diplomu, a tri prvoplasirana na finalnom natjecanju dobit \u0107e<br>medalje (zlatnu, srebrnu i bron\u010danu), poklon pakete sponzora i druge nagrade.<br>Pehar za \u0161kolu sa najvi\u0161e prijavljenih u\u010denika dodjeljuje se u svakom gradu.<\/p>\n\n\n\n<p>Trofej Erste Plave Lige bit \u0107e dodijeljen najboljoj regiji u finalu.<\/p>\n\n\n\n<h2>Kriteriji odabira pobjednika<\/h2>\n\n\n\n<h3>\u010clanak 9.<\/h3>\n\n\n\n<p>Na finalnom natjecanju izabrat \u0107e se najbolja regija po bodovima prema osvojenim mjestima .<br>1.mjesto &#8211; 16 bodova, 16.mjesto &#8211; 1 bod. Najbolja regija je ona koja osvoji najvi\u0161e bodova.<\/p>\n","protected":false},"excerpt":{"rendered":"<p>Op\u0107e odredbe \u010clanak 1. ERSTE PLAVA LIGA je dje\u010dja atletska liga za osnovne \u0161kole u Republici Hrvatskoj (u daljnjemtekstu \u201cLiga\u201d) koja se odr\u017eava prema Propozicijama utvr\u0111enima za Ligu. Slogan lige je \u201cBR\u017dE. VI\u0160E.JA\u010cE.\u201d Organizator lige je Atletski klub PRO SPORT,a suorganizatori Klubovi taksativno navedeni u\u010dl.6 Pravo nastupa i discipline \u010clanak 2. Pravo nastupa na natjecanju [&hellip;]<\/p>\n","protected":false},"author":1,"featured_media":0,"parent":0,"menu_order":0,"comment_status":"closed","ping_status":"closed","template":"","meta":[],"_links":{"self":[{"href":"https:\/\/beta.ersteprvaliga.hr\/plava-liga\/wp-json\/wp\/v2\/pages\/80"}],"collection":[{"href":"https:\/\/beta.ersteprvaliga.hr\/plava-liga\/wp-json\/wp\/v2\/pages"}],"about":[{"href":"https:\/\/beta.ersteprvaliga.hr\/plava-liga\/wp-json\/wp\/v2\/types\/page"}],"author":[{"embeddable":true,"href":"https:\/\/beta.ersteprvaliga.hr\/plava-liga\/wp-json\/wp\/v2\/users\/1"}],"replies":[{"embeddable":true,"href":"https:\/\/beta.ersteprvaliga.hr\/plava-liga\/wp-json\/wp\/v2\/comments?post=80"}],"version-history":[{"count":5,"href":"https:\/\/beta.ersteprvaliga.hr\/plava-liga\/wp-json\/wp\/v2\/pages\/80\/revisions"}],"predecessor-version":[{"id":182,"href":"https:\/\/beta.ersteprvaliga.hr\/plava-liga\/wp-json\/wp\/v2\/pages\/80\/revisions\/182"}],"wp:attachment":[{"href":"https:\/\/beta.ersteprvaliga.hr\/plava-liga\/wp-json\/wp\/v2\/media?parent=80"}],"curies":[{"name":"wp","href":"https:\/\/api.w.org\/{rel}","templated":true}]}}