{"id":132,"date":"2021-04-21T09:32:21","date_gmt":"2021-04-21T07:32:21","guid":{"rendered":"https:\/\/beta.ersteprvaliga.hr\/plava-liga\/?page_id=132"},"modified":"2021-04-23T09:52:34","modified_gmt":"2021-04-23T07:52:34","slug":"o-nama","status":"publish","type":"page","link":"https:\/\/beta.ersteprvaliga.hr\/plava-liga\/o-nama\/","title":{"rendered":"O nama"},"content":{"rendered":"\n<p>Draga djeco i roditelji, ljubitelji atletike i svi oni koji \u0107e to tek postati!<\/p>\n\n\n\n<p>Kako bi razvio sportski duh me\u0111u djecom i potaknuo ih da se oku\u0161aju&nbsp;u \u2018kraljici sportova\u2019\u2013 atletici, Atletski klub Pro Sport u suradnji s&nbsp;<strong>Erste&amp;Steierm\u00e4rkische Bank d.d. i Erste Plavim mirovinskim fondovima<\/strong>&nbsp;ve\u0107 sedmu godinu zaredom organizira Erste Plavu ligu.<\/p>\n\n\n\n<p>Ova jedinstvena dje\u010dja atletska liga namijenjena je&nbsp;<strong>svim u\u010denicama i u\u010denicima od 3. do 6. razreda osnovne \u0161kole<\/strong>&nbsp;u Hrvatskoj, a zainteresirani \u0107e imati priliku otkriti i pokazati svoje atletske talente u trka\u010dkim, skaka\u010dkim i baca\u010dkim disciplinama primjerenima \u0161kolskom uzrastu.<\/p>\n\n\n\n<p>Kvalifikacijska natjecanja odr\u017eat \u0107e se tijekom travnja i svibnja u&nbsp;<strong>Rijeci, Zagrebu, Osijeku, Zadru, Makarskoj, Puli, Kninu i Vukovaru<\/strong>, a finale \u0107e se odr\u017eati&nbsp;<strong>15. rujna 2020.<\/strong>&nbsp;godine na stadionu Mladosti u Zagrebu, u sklopu najstarijeg i najva\u017enijeg atletskog natjecanja u Hrvatskoj \u2013&nbsp;<strong>Han\u017eekovi\u0107evog memorijala.<\/strong><\/p>\n\n\n\n<p>Uz priliku za osvajanjem medalja i vrijednih nagrada, sudionici lige mo\u0107i \u0107e se dru\u017eiti s ambasadorima Erste Plave lige \u2013&nbsp;<strong>Blankom Vla\u0161i\u0107, Sandrom Perkovi\u0107, Sarom Kolak, Andreom Ivan\u010devi\u0107, Stipom \u017duni\u0107em i Ivanom Horvatom.<\/strong><\/p>\n\n\n\n<p>Kao \u0161to ka\u017ee slogan lige, djeca mogu\u00a0<strong>Br\u017ee, vi\u0161e, ja\u010de!<\/strong><\/p>\n\n\n\n<figure class=\"wp-block-image size-large\"><img loading=\"lazy\" width=\"1024\" height=\"618\" src=\"https:\/\/beta.ersteprvaliga.hr\/plava-liga\/wp-content\/uploads\/sites\/2\/2021\/04\/image-o-nama-1-1024x618.png\" alt=\"\" class=\"wp-image-152\" srcset=\"https:\/\/beta.ersteprvaliga.hr\/plava-liga\/wp-content\/uploads\/sites\/2\/2021\/04\/image-o-nama-1-1024x618.png 1024w, https:\/\/beta.ersteprvaliga.hr\/plava-liga\/wp-content\/uploads\/sites\/2\/2021\/04\/image-o-nama-1-300x181.png 300w, https:\/\/beta.ersteprvaliga.hr\/plava-liga\/wp-content\/uploads\/sites\/2\/2021\/04\/image-o-nama-1-768x464.png 768w, https:\/\/beta.ersteprvaliga.hr\/plava-liga\/wp-content\/uploads\/sites\/2\/2021\/04\/image-o-nama-1.png 1181w\" sizes=\"(max-width: 1024px) 100vw, 1024px\" \/><figcaption>Autor slike: Erste Plava liga<\/figcaption><\/figure>\n\n\n\n<h1>Dru\u0161tvena odgovornost<\/h1>\n\n\n\n<h2><strong>Razlozi pokretanja projekta<\/strong><\/h2>\n\n\n\n<p>Dje\u010dje atletsko natjecanje Erste Plava liga rezultat je suradnje&nbsp;<strong>Atletskog kluba Pro Sport<\/strong>&nbsp;i glavnih sponzora&nbsp;<strong>Erste&amp;Steierm\u00e4rkische Bank d.d. i Erste Plavi mirovinski fondovi,<\/strong>&nbsp;koji su prepoznali va\u017enost bavljenja sportom od malih nogu i sve njegove prednosti za zdravo i sretno odrastanje.<\/p>\n\n\n\n<p>Organizator natjecanja Atletski klub Pro Sport ponudio je osnovno\u0161kolcima iz cijele Hrvatske mogu\u0107nost da okuse \u010dari sportskog nadmetanja, ispitaju vlastite granice i dobro se zabave u dru\u0161tvu vr\u0161njaka.<\/p>\n\n\n\n<p>Glavni sponzori Erste&amp;Steierm\u00e4rkische Bank d.d. i Erste Plavi mirovinski fondovi prepoznali su vrijednost takvog projekta i uklju\u010dili se u realizaciju natjecanja s vjerom da \u0107e ono mladima predstavljati izazov, ali ih i u\u010diti kako bavljenje sportom stvara kvalitetniji i sretniji \u017eivot.<\/p>\n\n\n\n<p>Ulaganje u zajednicu nit je vodilja svih uklju\u010denih strana. Zato vjerujemo da \u0107e ovo natjecanje iz dana u dan i godine u godinu pronalaziti sve vi\u0161e natjecatelja i podupiratelja.<\/p>\n\n\n\n<h3>Osna\u017eivanje interesa za kraljicu sportova<\/h3>\n\n\n\n<p>Ova sportska manifestacija zaslu\u017euje epitet vrhunske zato jer se kroz niz atletskih natjecanja u najve\u0107im hrvatskim gradovima djecu motivira na po\u0161teno i sportsko nadmetanje u \u201ckraljici sportova\u201d \u2013 atletici, sportu koji na specifi\u010dan na\u010din mla\u0111im uzrastima omogu\u0107ava razvoj psiho-fizi\u010dkih sposobnosti. Atletika je sport za sve one koji \u017eele biti vrhunski sporta\u0161i, ali i one koji se samo \u017eele rekreirati i poticati zdrav \u017eivot i duh u \u201czdravom tijelu\u201d.<\/p>\n\n\n\n<h3>Poticanje zdravog natjecateljskog duha<\/h3>\n\n\n\n<p>Liga je zbog odr\u017eavanja u regionalnim sredi\u0161njicama omogu\u0107ila djeci iz svih dijelova Hrvatske da se prijave i poku\u0161aju biti najbr\u017ei, najja\u010di i najspretniji u svojoj generaciji, istovremeno usvajaju\u0107i vrijednosti korektnog sportskog natjecanja.<\/p>\n\n\n\n<h3>Razvoj osobnih potencijala<\/h3>\n\n\n\n<p>Kroz atletiku se razvija ljubav prema osobnom i sportskom nadmetanju, a s obzirom da se tra\u017ee trka\u010dke, baca\u010dke i skaka\u010dke osobine, atletika slu\u017ei kao odli\u010dan alat najmla\u0111ima da prepoznaju, zavole i razvijaju svoje potencijale kako u atletici, tako i u bilo kojem drugom sportu. Uzimaju\u0107i u obzir velik broj disciplina te raznolikost psiholo\u0161kih i fizi\u010dkih izazova s kojima su natjecatelji suo\u010deni, atletika predstavlja bazi\u010dnu podlogu za razvoj i nadogradnju rezultata u svim drugim sportovima.<\/p>\n\n\n\n<h3>Usvajanje po\u017eeljnih karakternih osobina<\/h3>\n\n\n\n<p>Atletika je sport koji zahtijeva odre\u0111ene fizi\u010dke napore, stoga na specifi\u010dan na\u010din izgra\u0111uje individualnu odlu\u010dnost i hrabrost te \u010deli\u010dnu upornost, \u0161to su prijeko potrebne osobine koje svi roditelji \u017eele usaditi svojoj djeci.<\/p>\n\n\n\n<h3>Dugoro\u010dna korist<\/h3>\n\n\n\n<p>Poticanje djece na bavljenje sportom izravno poti\u010de i osvje\u0161tava dobrobiti takve aktivnosti na zdravlje i njezine dugoro\u010dne koristi. Ulaganjem u sebe danas otkriva se svoj pravi potencijal u budu\u0107nosti.<\/p>\n\n\n\n<figure class=\"wp-block-image size-large\"><img loading=\"lazy\" width=\"1024\" height=\"626\" src=\"https:\/\/beta.ersteprvaliga.hr\/plava-liga\/wp-content\/uploads\/sites\/2\/2021\/04\/image-o-nama-2-1024x626.png\" alt=\"\" class=\"wp-image-154\" srcset=\"https:\/\/beta.ersteprvaliga.hr\/plava-liga\/wp-content\/uploads\/sites\/2\/2021\/04\/image-o-nama-2-1024x626.png 1024w, https:\/\/beta.ersteprvaliga.hr\/plava-liga\/wp-content\/uploads\/sites\/2\/2021\/04\/image-o-nama-2-300x183.png 300w, https:\/\/beta.ersteprvaliga.hr\/plava-liga\/wp-content\/uploads\/sites\/2\/2021\/04\/image-o-nama-2-768x470.png 768w, https:\/\/beta.ersteprvaliga.hr\/plava-liga\/wp-content\/uploads\/sites\/2\/2021\/04\/image-o-nama-2.png 1181w\" sizes=\"(max-width: 1024px) 100vw, 1024px\" \/><figcaption>Autor slike: Erste Plava liga<\/figcaption><\/figure>\n\n\n\n<h1>Sportske vrijednosti Erste Plave lige<\/h1>\n\n\n\n<h1><strong>\u201eAko \u017eeli\u0161 biti dobar u sportu, budi dobar i u \u017eivotu! Treniraj za \u017eivot!\u201c<\/strong><\/h1>\n\n\n\n<p>Unutar sportskih i promotivnih aktivnosti razvili smo i pokrenuli inicijativu za promicanje zna\u010dajne uloge sporta u odgoju i usvajanju dru\u0161tvenih vrijednosti kod djece i mladih.<\/p>\n\n\n\n<p>Rezultatska i tehni\u010dka izvrsnost nije jedino \u010demu nas sport mo\u017ee nau\u010diti i \u0161to Erste Plava liga mo\u017ee promicati.<\/p>\n\n\n\n<p>\u017delimo o\u017eivjeti i va\u017enost HRABROSTI, ODLU\u010cNOSTI, PO\u0160TOVANJA, PO\u0160TENJA, ODRICANJA i PRIJATELJSTVA, PRIHVA\u0106ANJA RAZLI\u010cITOSTI i RAZUMIJEVANJA.<\/p>\n\n\n\n<p>SAVJETI SPORTA\u0160IMA:<\/p>\n\n\n\n<ul><li>U\u017eivaj u pokretu, naporu i natjecanju! Ako ne voli\u0161 ono \u010dime se bavi\u0161, uzalud se trudi\u0161!<\/li><li>Dosegni svoje granice i nastoj ih nadi\u0107i! Vjeruj u sebe \u2013 uvijek mo\u017ee\u0161 i bolje!<\/li><li>Podsjeti se da ni na sportskom borili\u0161tu nisi sam! Oni koji te vole uvijek \u0107e biti uz tebe!<\/li><li>Pogledaj oko sebe \u2013 i sportski suparnici mogu ti biti dobri prijatelji!<\/li><\/ul>\n\n\n\n<p><strong>Njeguj prijateljstva, ona ti poma\u017eu da bude\u0161 bolji!<\/strong><\/p>\n\n\n\n<ul><li>I uspjeh i neuspjeh mo\u017ee biti dragocjen \u2013 ti si uvijek va\u017eniji od njih!<\/li><\/ul>\n\n\n\n<p><strong>Budi iskren prema svojoj izvedbi, pomo\u0107i \u0107e ti da napreduje\u0161!<\/strong><\/p>\n\n\n\n<p>SAVJETI NAVIJA\u010cIMA:<\/p>\n\n\n\n<ul><li>Nikad ne zaboravi: nisi ti najva\u017eniji; neka sporta\u0161 bude u prvom planu!<\/li><li>Ne kloni u porazima i ne zanosi se pobjedama \u2013 ne name\u0107i drugomu svoja o\u010dekivanja!<\/li><li>Vjeruj u vrsno ostvarenje sporta\u0161a i dobar rezultat \u2013 budi blizu bez obzira na ishod!<\/li><li>Budi pouzdan i diskretan navija\u010d \u2013 bodri svojeg ljubimca ne vrije\u0111aju\u0107i protivnike!<\/li><li>Nadaj se i raduj napretku u vje\u0161tini, brzini, snazi, rezultatu, a u neuspjehu utje\u0161i i ohrabri \u2013<strong>\u00a0sve je mogu\u0107e!<\/strong><\/li><\/ul>\n\n\n\n<figure class=\"wp-block-image size-large\"><img loading=\"lazy\" width=\"1008\" height=\"713\" src=\"https:\/\/beta.ersteprvaliga.hr\/plava-liga\/wp-content\/uploads\/sites\/2\/2021\/04\/image-o-nama-3.png\" alt=\"\" class=\"wp-image-160\" srcset=\"https:\/\/beta.ersteprvaliga.hr\/plava-liga\/wp-content\/uploads\/sites\/2\/2021\/04\/image-o-nama-3.png 1008w, https:\/\/beta.ersteprvaliga.hr\/plava-liga\/wp-content\/uploads\/sites\/2\/2021\/04\/image-o-nama-3-300x212.png 300w, https:\/\/beta.ersteprvaliga.hr\/plava-liga\/wp-content\/uploads\/sites\/2\/2021\/04\/image-o-nama-3-768x543.png 768w\" sizes=\"(max-width: 1008px) 100vw, 1008px\" \/><figcaption>Autor slike: Erste Plava liga<\/figcaption><\/figure>\n","protected":false},"excerpt":{"rendered":"<p>Draga djeco i roditelji, ljubitelji atletike i svi oni koji \u0107e to tek postati! Kako bi razvio sportski duh me\u0111u djecom i potaknuo ih da se oku\u0161aju&nbsp;u \u2018kraljici sportova\u2019\u2013 atletici, Atletski klub Pro Sport u suradnji s&nbsp;Erste&amp;Steierm\u00e4rkische Bank d.d. i Erste Plavim mirovinskim fondovima&nbsp;ve\u0107 sedmu godinu zaredom organizira Erste Plavu ligu. Ova jedinstvena dje\u010dja atletska [&hellip;]<\/p>\n","protected":false},"author":1,"featured_media":0,"parent":0,"menu_order":0,"comment_status":"closed","ping_status":"closed","template":"","meta":[],"_links":{"self":[{"href":"https:\/\/beta.ersteprvaliga.hr\/plava-liga\/wp-json\/wp\/v2\/pages\/132"}],"collection":[{"href":"https:\/\/beta.ersteprvaliga.hr\/plava-liga\/wp-json\/wp\/v2\/pages"}],"about":[{"href":"https:\/\/beta.ersteprvaliga.hr\/plava-liga\/wp-json\/wp\/v2\/types\/page"}],"author":[{"embeddable":true,"href":"https:\/\/beta.ersteprvaliga.hr\/plava-liga\/wp-json\/wp\/v2\/users\/1"}],"replies":[{"embeddable":true,"href":"https:\/\/beta.ersteprvaliga.hr\/plava-liga\/wp-json\/wp\/v2\/comments?post=132"}],"version-history":[{"count":23,"href":"https:\/\/beta.ersteprvaliga.hr\/plava-liga\/wp-json\/wp\/v2\/pages\/132\/revisions"}],"predecessor-version":[{"id":161,"href":"https:\/\/beta.ersteprvaliga.hr\/plava-liga\/wp-json\/wp\/v2\/pages\/132\/revisions\/161"}],"wp:attachment":[{"href":"https:\/\/beta.ersteprvaliga.hr\/plava-liga\/wp-json\/wp\/v2\/media?parent=132"}],"curies":[{"name":"wp","href":"https:\/\/api.w.org\/{rel}","templated":true}]}}